{"id":1256,"date":"2021-03-08T17:32:00","date_gmt":"2021-03-08T17:32:00","guid":{"rendered":"https:\/\/duduimpermeabilizacoes.com.br\/?page_id=1256"},"modified":"2021-04-16T21:17:23","modified_gmt":"2021-04-16T21:17:23","slug":"quem-somos","status":"publish","type":"page","link":"https:\/\/duduimpermeabilizacoes.com.br\/?page_id=1256","title":{"rendered":"Quem somos"},"content":{"rendered":"\t\t<div data-elementor-type=\"wp-page\" data-elementor-id=\"1256\" class=\"elementor elementor-1256\" data-elementor-post-type=\"page\">\n\t\t\t\t\t\t<section class=\"elementor-section elementor-top-section elementor-element elementor-element-a537b9a elementor-section-boxed elementor-section-height-default elementor-section-height-default\" data-id=\"a537b9a\" data-element_type=\"section\" data-e-type=\"section\">\n\t\t\t\t\t\t<div class=\"elementor-container elementor-column-gap-default\">\n\t\t\t\t\t<div class=\"elementor-column elementor-col-100 elementor-top-column elementor-element elementor-element-deb40a5\" data-id=\"deb40a5\" data-element_type=\"column\" data-e-type=\"column\">\n\t\t\t<div class=\"elementor-widget-wrap elementor-element-populated\">\n\t\t\t\t\t\t<div class=\"elementor-element elementor-element-f46d6b1 elementor-nav-menu--dropdown-tablet elementor-nav-menu__text-align-aside elementor-nav-menu--toggle elementor-nav-menu--burger elementor-widget elementor-widget-nav-menu\" data-id=\"f46d6b1\" data-element_type=\"widget\" data-e-type=\"widget\" data-settings=\"{&quot;layout&quot;:&quot;horizontal&quot;,&quot;submenu_icon&quot;:{&quot;value&quot;:&quot;&lt;i class=\\&quot;fas fa-caret-down\\&quot; aria-hidden=\\&quot;true\\&quot;&gt;&lt;\\\/i&gt;&quot;,&quot;library&quot;:&quot;fa-solid&quot;},&quot;toggle&quot;:&quot;burger&quot;}\" data-widget_type=\"nav-menu.default\">\n\t\t\t\t<div class=\"elementor-widget-container\">\n\t\t\t\t\t\t\t\t<nav aria-label=\"Menu\" class=\"elementor-nav-menu--main elementor-nav-menu__container elementor-nav-menu--layout-horizontal e--pointer-underline e--animation-fade\">\n\t\t\t\t<ul id=\"menu-1-f46d6b1\" class=\"elementor-nav-menu\"><li class=\"menu-item menu-item-type-post_type menu-item-object-page menu-item-home menu-item-13\"><a href=\"https:\/\/duduimpermeabilizacoes.com.br\/\" class=\"elementor-item\">Home<\/a><\/li>\n<li class=\"menu-item menu-item-type-custom menu-item-object-custom menu-item-home menu-item-15\"><a href=\"https:\/\/duduimpermeabilizacoes.com.br\/#servicos\" class=\"elementor-item elementor-item-anchor\">Servi\u00e7os<\/a><\/li>\n<li class=\"menu-item menu-item-type-custom menu-item-object-custom menu-item-1255\"><a href=\"https:\/\/duduimpermeabilizacoes.com.br\/?page_id=1256\" class=\"elementor-item\">Quem Somos<\/a><\/li>\n<li class=\"menu-item menu-item-type-custom menu-item-object-custom menu-item-17\"><a href=\"#faleconosco\" class=\"elementor-item elementor-item-anchor\">Fale Conosco<\/a><\/li>\n<\/ul>\t\t\t<\/nav>\n\t\t\t\t\t<div class=\"elementor-menu-toggle\" role=\"button\" tabindex=\"0\" aria-label=\"Alternar menu\" aria-expanded=\"false\">\n\t\t\t<i aria-hidden=\"true\" role=\"presentation\" class=\"elementor-menu-toggle__icon--open eicon-menu-bar\"><\/i><i aria-hidden=\"true\" role=\"presentation\" class=\"elementor-menu-toggle__icon--close eicon-close\"><\/i>\t\t<\/div>\n\t\t\t\t\t<nav class=\"elementor-nav-menu--dropdown elementor-nav-menu__container\" aria-hidden=\"true\">\n\t\t\t\t<ul id=\"menu-2-f46d6b1\" class=\"elementor-nav-menu\"><li class=\"menu-item menu-item-type-post_type menu-item-object-page menu-item-home menu-item-13\"><a href=\"https:\/\/duduimpermeabilizacoes.com.br\/\" class=\"elementor-item\" tabindex=\"-1\">Home<\/a><\/li>\n<li class=\"menu-item menu-item-type-custom menu-item-object-custom menu-item-home menu-item-15\"><a href=\"https:\/\/duduimpermeabilizacoes.com.br\/#servicos\" class=\"elementor-item elementor-item-anchor\" tabindex=\"-1\">Servi\u00e7os<\/a><\/li>\n<li class=\"menu-item menu-item-type-custom menu-item-object-custom menu-item-1255\"><a href=\"https:\/\/duduimpermeabilizacoes.com.br\/?page_id=1256\" class=\"elementor-item\" tabindex=\"-1\">Quem Somos<\/a><\/li>\n<li class=\"menu-item menu-item-type-custom menu-item-object-custom menu-item-17\"><a href=\"#faleconosco\" class=\"elementor-item elementor-item-anchor\" tabindex=\"-1\">Fale Conosco<\/a><\/li>\n<\/ul>\t\t\t<\/nav>\n\t\t\t\t\t\t<\/div>\n\t\t\t\t<\/div>\n\t\t\t\t\t<\/div>\n\t\t<\/div>\n\t\t\t\t\t<\/div>\n\t\t<\/section>\n\t\t\t\t<section class=\"elementor-section elementor-top-section elementor-element elementor-element-6b084b0a elementor-section-height-min-height elementor-section-boxed elementor-section-height-default elementor-section-items-middle\" data-id=\"6b084b0a\" data-element_type=\"section\" data-e-type=\"section\" data-settings=\"{&quot;background_background&quot;:&quot;classic&quot;,&quot;background_motion_fx_motion_fx_scrolling&quot;:&quot;yes&quot;,&quot;background_motion_fx_translateY_effect&quot;:&quot;yes&quot;,&quot;background_motion_fx_translateY_direction&quot;:&quot;negative&quot;,&quot;background_motion_fx_translateY_speed&quot;:{&quot;unit&quot;:&quot;px&quot;,&quot;size&quot;:3,&quot;sizes&quot;:[]},&quot;background_motion_fx_translateY_affectedRange&quot;:{&quot;unit&quot;:&quot;%&quot;,&quot;size&quot;:&quot;&quot;,&quot;sizes&quot;:{&quot;start&quot;:0,&quot;end&quot;:100}},&quot;background_motion_fx_devices&quot;:[&quot;desktop&quot;,&quot;tablet&quot;,&quot;mobile&quot;]}\">\n\t\t\t\t\t\t<div class=\"elementor-container elementor-column-gap-no\">\n\t\t\t\t\t<div class=\"elementor-column elementor-col-33 elementor-top-column elementor-element elementor-element-7b8c2cca elementor-hidden-tablet elementor-hidden-phone\" data-id=\"7b8c2cca\" data-element_type=\"column\" data-e-type=\"column\">\n\t\t\t<div class=\"elementor-widget-wrap\">\n\t\t\t\t\t\t\t<\/div>\n\t\t<\/div>\n\t\t\t\t<div class=\"elementor-column elementor-col-33 elementor-top-column elementor-element elementor-element-1a7743e1\" data-id=\"1a7743e1\" data-element_type=\"column\" data-e-type=\"column\" data-settings=\"{&quot;background_background&quot;:&quot;classic&quot;}\">\n\t\t\t<div class=\"elementor-widget-wrap elementor-element-populated\">\n\t\t\t\t\t\t<section class=\"elementor-section elementor-inner-section elementor-element elementor-element-3950aa8a elementor-section-boxed elementor-section-height-default elementor-section-height-default\" data-id=\"3950aa8a\" data-element_type=\"section\" data-e-type=\"section\" data-settings=\"{&quot;background_background&quot;:&quot;gradient&quot;}\">\n\t\t\t\t\t\t\t<div class=\"elementor-background-overlay\"><\/div>\n\t\t\t\t\t\t\t<div class=\"elementor-container elementor-column-gap-no\">\n\t\t\t\t\t<div class=\"elementor-column elementor-col-100 elementor-inner-column elementor-element elementor-element-1162769a\" data-id=\"1162769a\" data-element_type=\"column\" data-e-type=\"column\" data-settings=\"{&quot;background_background&quot;:&quot;classic&quot;}\">\n\t\t\t<div class=\"elementor-widget-wrap elementor-element-populated\">\n\t\t\t\t\t<div class=\"elementor-background-overlay\"><\/div>\n\t\t\t\t\t\t<div class=\"elementor-element elementor-element-8f8b4d2 elementor-widget elementor-widget-heading\" data-id=\"8f8b4d2\" data-element_type=\"widget\" data-e-type=\"widget\" data-widget_type=\"heading.default\">\n\t\t\t\t<div class=\"elementor-widget-container\">\n\t\t\t\t\t<h2 class=\"elementor-heading-title elementor-size-default\">IMPERMEABILIZA\u00c7\u00c3O PREVINE GRANDES PREJU\u00cdZOS!<\/h2>\t\t\t\t<\/div>\n\t\t\t\t<\/div>\n\t\t\t\t<div class=\"elementor-element elementor-element-6048a0ff elementor-widget elementor-widget-text-editor\" data-id=\"6048a0ff\" data-element_type=\"widget\" data-e-type=\"widget\" data-widget_type=\"text-editor.default\">\n\t\t\t\t<div class=\"elementor-widget-container\">\n\t\t\t\t\t\t\t\t\t<p>\u00a0\u00a0\u00a0A Dudu impermeabiliza\u00e7\u00f5es \u00e9 uma empresa familiar e de\u00a0 refer\u00eancia no estado do Rio de Janeiro e Minas Gerais no desenvolvimento de solu\u00e7\u00f5es completas e eficazes para todas as necessidades de Impermeabiliza\u00e7\u00e3o na constru\u00e7\u00e3o civil. A empresa \u00e9 uma das lideres de venda e m\u00e3o de obra na Regi\u00e3o serrana tendo sua loja especializada sendo representante da marca Viapol uma das maiores ind\u00fastrias de solu\u00e7\u00f5es qu\u00edmicas para o setor na Am\u00e9rica Latina.<\/p><p>\u00a0 \u00a0 \u00a0 \u00a0 \u00a0 \u00a0\u00a0Fundada em 1990, a Dudu Impermeabiliza\u00e7\u00f5es tem sua loja e escrit\u00f3rio Petr\u00f3polis \/ RJ, onde possui diversos tipos de materiais e m\u00e3o de obra especializados de solu\u00e7\u00f5es em impermeabiliza\u00e7\u00f5es.<\/p><p>&#8220;Uma empresa s\u00e9ria que atua com qualidade e compromisso&#8221;.<\/p><p>Contamos com profissionais altamente capacitados e certificados para oferecer um servi\u00e7os altamente qualificado. Oferecemos aos seus clientes\u00a05 anos de garantia\u00a0em todos os trabalhos executados pela nossa empresa.<\/p><p>&#8220;Profissionais com Forma\u00e7\u00e3o T\u00e9cnica em impermeabiliza\u00e7\u00e3o e seguran\u00e7a de trabalho.\u00a0<\/p><p>\u00a0<\/p>\t\t\t\t\t\t\t\t<\/div>\n\t\t\t\t<\/div>\n\t\t\t\t<div class=\"elementor-element elementor-element-31c0407a elementor-mobile-align-center elementor-align-center elementor-widget elementor-widget-button\" data-id=\"31c0407a\" data-element_type=\"widget\" data-e-type=\"widget\" data-widget_type=\"button.default\">\n\t\t\t\t<div class=\"elementor-widget-container\">\n\t\t\t\t\t\t\t\t\t<div class=\"elementor-button-wrapper\">\n\t\t\t\t\t<a class=\"elementor-button elementor-button-link elementor-size-sm\" href=\"https:\/\/duduimpermeabilizacoes.com.br\/#faleconosco\">\n\t\t\t\t\t\t<span class=\"elementor-button-content-wrapper\">\n\t\t\t\t\t\t\t\t\t<span class=\"elementor-button-text\">Fale Conosco<\/span>\n\t\t\t\t\t<\/span>\n\t\t\t\t\t<\/a>\n\t\t\t\t<\/div>\n\t\t\t\t\t\t\t\t<\/div>\n\t\t\t\t<\/div>\n\t\t\t\t\t<\/div>\n\t\t<\/div>\n\t\t\t\t\t<\/div>\n\t\t<\/section>\n\t\t\t\t\t<\/div>\n\t\t<\/div>\n\t\t\t\t<div class=\"elementor-column elementor-col-33 elementor-top-column elementor-element elementor-element-44c9a6fc elementor-hidden-tablet elementor-hidden-phone\" data-id=\"44c9a6fc\" data-element_type=\"column\" data-e-type=\"column\">\n\t\t\t<div class=\"elementor-widget-wrap\">\n\t\t\t\t\t\t\t<\/div>\n\t\t<\/div>\n\t\t\t\t\t<\/div>\n\t\t<\/section>\n\t\t\t\t<section class=\"elementor-section elementor-top-section elementor-element elementor-element-6a5c2018 elementor-section-full_width elementor-section-content-middle elementor-section-height-default elementor-section-height-default\" data-id=\"6a5c2018\" data-element_type=\"section\" data-e-type=\"section\" data-settings=\"{&quot;background_background&quot;:&quot;classic&quot;}\">\n\t\t\t\t\t\t<div class=\"elementor-container elementor-column-gap-no\">\n\t\t\t\t\t<div class=\"elementor-column elementor-col-50 elementor-top-column elementor-element elementor-element-325ffa2d\" data-id=\"325ffa2d\" data-element_type=\"column\" data-e-type=\"column\">\n\t\t\t<div class=\"elementor-widget-wrap elementor-element-populated\">\n\t\t\t\t\t\t<div class=\"elementor-element elementor-element-3253e029 elementor-widget elementor-widget-heading\" data-id=\"3253e029\" data-element_type=\"widget\" data-e-type=\"widget\" data-widget_type=\"heading.default\">\n\t\t\t\t<div class=\"elementor-widget-container\">\n\t\t\t\t\t<h2 class=\"elementor-heading-title elementor-size-default\">Nossa Vis\u00e3o<\/h2>\t\t\t\t<\/div>\n\t\t\t\t<\/div>\n\t\t\t\t<div class=\"elementor-element elementor-element-75e7469a elementor-widget elementor-widget-text-editor\" data-id=\"75e7469a\" data-element_type=\"widget\" data-e-type=\"widget\" data-widget_type=\"text-editor.default\">\n\t\t\t\t<div class=\"elementor-widget-container\">\n\t\t\t\t\t\t\t\t\t<p>\u00a0<\/p><p>Acreditamos que um servi\u00e7o executado com qualidade, seriedade e que ofere\u00e7a vantagens ao nosso cliente nos proporcionar\u00e1 um diferencial competitivo: a satisfa\u00e7\u00e3o dos nossos clientes.<\/p>\t\t\t\t\t\t\t\t<\/div>\n\t\t\t\t<\/div>\n\t\t\t\t\t<\/div>\n\t\t<\/div>\n\t\t\t\t<div class=\"elementor-column elementor-col-50 elementor-top-column elementor-element elementor-element-5a43ca8b\" data-id=\"5a43ca8b\" data-element_type=\"column\" data-e-type=\"column\">\n\t\t\t<div class=\"elementor-widget-wrap elementor-element-populated\">\n\t\t\t\t\t\t<div class=\"elementor-element elementor-element-7ce92dd5 elementor--h-position-center elementor--v-position-middle elementor-arrows-position-inside elementor-widget elementor-widget-slides\" data-id=\"7ce92dd5\" data-element_type=\"widget\" data-e-type=\"widget\" data-settings=\"{&quot;navigation&quot;:&quot;arrows&quot;,&quot;transition&quot;:&quot;fade&quot;,&quot;transition_speed&quot;:500}\" data-widget_type=\"slides.default\">\n\t\t\t\t<div class=\"elementor-widget-container\">\n\t\t\t\t\t\t\t\t\t<div class=\"elementor-swiper\">\n\t\t\t\t\t<div class=\"elementor-slides-wrapper elementor-main-swiper swiper\" role=\"region\" aria-roledescription=\"carousel\" aria-label=\"Slides\" dir=\"ltr\" data-animation=\"fadeInUp\">\n\t\t\t\t<div class=\"swiper-wrapper elementor-slides\">\n\t\t\t\t\t\t\t\t\t\t<div class=\"elementor-repeater-item-3b98426 swiper-slide\" role=\"group\" aria-roledescription=\"slide\"><div class=\"swiper-slide-bg\" role=\"img\" aria-label=\"WhatsApp Image 2021-02-23 at 17.44.45\"><\/div><div class=\"elementor-background-overlay\"><\/div><div class=\"swiper-slide-inner\" ><div class=\"swiper-slide-contents\"><div class=\"elementor-slide-description\">A impermeabiliza\u00e7\u00e3o na constru\u00e7\u00e3o civil tem como objetivo impedir a passagem indesej\u00e1vel de \u00e1guas, flu\u00eddos e vapores, podendo cont\u00ea-los ou dirigi-los para o local que se deseja. A import\u00e2ncia da impermeabiliza\u00e7\u00e3o, al\u00e9m de permitir a agitabilidade e funcionalidade da constru\u00e7\u00e3o civil, \u00e9 relevada no objetivo de proteger a edifica\u00e7\u00e3o de in\u00fameros problemas patol\u00f3gicos que poder\u00e3o surgir com infiltra\u00e7\u00f5es de \u00e1gua, integradas ao oxig\u00eanio e outros componentes agressivos da atmosfera (gases poluentes, chuva \u00e1cida, oz\u00f4nio), j\u00e1 que uma grande quantidade de materiais constituintes da constru\u00e7\u00e3o civil sofre um processo de deteriora\u00e7\u00e3o e degrada\u00e7\u00e3o, quando em presen\u00e7a dos meios agressivos da atmosfera.<\/div><\/div><\/div><\/div><div class=\"elementor-repeater-item-6e4227b swiper-slide\" role=\"group\" aria-roledescription=\"slide\"><div class=\"swiper-slide-bg\" role=\"img\" aria-label=\"WhatsApp Image 2021-02-23 at 17.44.45 (2)\"><\/div><div class=\"elementor-background-overlay\"><\/div><div class=\"swiper-slide-inner\" ><div class=\"swiper-slide-contents\"><div class=\"elementor-slide-description\">T\u00eam-se verificado com frequ\u00eancia que a impermeabiliza\u00e7\u00e3o n\u00e3o \u00e9 analisada com a devida import\u00e2ncia por parte de alguns engenheiros, construtores, arquitetos, projetistas e impermeabilizadores. Como consequ\u00eancia, a infiltra\u00e7\u00e3o de \u00e1gua acarreta uma s\u00e9rie de consequ\u00eancias patol\u00f3gicas como corros\u00e3o de armaduras, efloresc\u00eancia, degrada\u00e7\u00e3o do concreto e argamassa, empolamento e bolhas em tintas, curtos circuitos etc., gerando altos custos de manuten\u00e7\u00e3o e recupera\u00e7\u00e3o. Para se ter uma ideia do montante dos gastos de recupera\u00e7\u00e3o e manuten\u00e7\u00e3o de obras, existem estimativas que superam 2,5% do PIB, algo em torno de US$ 12 bilh\u00f5es de d\u00f3lares anuais.<\/div><\/div><\/div><\/div><div class=\"elementor-repeater-item-35faf2c swiper-slide\" role=\"group\" aria-roledescription=\"slide\"><div class=\"swiper-slide-bg\" role=\"img\" aria-label=\"WhatsApp Image 2021-02-23 at 17.44.43 (2)\"><\/div><div class=\"elementor-background-overlay\"><\/div><div class=\"swiper-slide-inner\" ><div class=\"swiper-slide-contents\"><div class=\"elementor-slide-description\">Em muitos casos a origem \u00e9 devido \u00e0 aus\u00eancia ou inadequada impermeabiliza\u00e7\u00e3o. O custo de uma impermeabiliza\u00e7\u00e3o na constru\u00e7\u00e3o civil \u00e9 estimado em 1% a 3% do custo total de uma obra. No entanto, a n\u00e3o funcionalidade da mesma poder\u00e1 gerar custos de re-impermeabiliza\u00e7\u00e3o que superam 5% a 10% do custo da obra, j\u00e1 que muitas vezes as re-impermeabiliza\u00e7\u00f5es envolvem quebras de pisos cer\u00e2micos, granito, argamassas etc., sem levar em considera\u00e7\u00e3o custos de problemas patol\u00f3gicos mais importantes e outros transtornos ocasionados, como deprecia\u00e7\u00e3o de valor patrimonial, manchas em ve\u00edculos e utens\u00edlios, utiliza\u00e7\u00e3o normal da \u00e1rea impermeabilizada, etc. Portanto, \u00e9 de suma import\u00e2ncia o estudo adequado da impermeabiliza\u00e7\u00e3o de forma a utilizarmos todos os recursos t\u00e9cnicos dispon\u00edveis para execut\u00e1-la da melhor forma poss\u00edvel. A Solicite Impermeabiliza\u00e7\u00e3o tem t\u00e9cnicos com Certificados para melhor executar esses servi\u00e7os. Com produtos da melhor qualidade, garantindo 100% de satisfa\u00e7\u00e3o <\/div><\/div><\/div><\/div>\t\t\t\t<\/div>\n\t\t\t\t\t\t\t\t\t\t\t\t\t\t\t<div class=\"elementor-swiper-button elementor-swiper-button-prev\" role=\"button\" tabindex=\"0\" aria-label=\"Slide anterior\">\n\t\t\t\t\t\t\t<i aria-hidden=\"true\" class=\"eicon-chevron-left\"><\/i>\t\t\t\t\t\t<\/div>\n\t\t\t\t\t\t<div class=\"elementor-swiper-button elementor-swiper-button-next\" role=\"button\" tabindex=\"0\" aria-label=\"Pr\u00f3ximo slide\">\n\t\t\t\t\t\t\t<i aria-hidden=\"true\" class=\"eicon-chevron-right\"><\/i>\t\t\t\t\t\t<\/div>\n\t\t\t\t\t\t\t\t\t\t\t\t\t\t\t\t\t<\/div>\n\t\t\t\t<\/div>\n\t\t\t\t\t\t\t\t<\/div>\n\t\t\t\t<\/div>\n\t\t\t\t\t<\/div>\n\t\t<\/div>\n\t\t\t\t\t<\/div>\n\t\t<\/section>\n\t\t\t\t<\/div>\n\t\t","protected":false},"excerpt":{"rendered":"<p>IMPERMEABILIZA\u00c7\u00c3O PREVINE GRANDES PREJU\u00cdZOS! \u00a0\u00a0\u00a0A Dudu impermeabiliza\u00e7\u00f5es \u00e9 uma empresa familiar e de\u00a0 refer\u00eancia no estado do Rio de Janeiro e Minas Gerais no desenvolvimento de solu\u00e7\u00f5es completas e eficazes para todas as necessidades de Impermeabiliza\u00e7\u00e3o na constru\u00e7\u00e3o civil. A empresa \u00e9 uma das lideres de venda e m\u00e3o de obra na Regi\u00e3o serrana tendo [&hellip;]<\/p>\n","protected":false},"author":4,"featured_media":0,"parent":0,"menu_order":0,"comment_status":"closed","ping_status":"closed","template":"","meta":{"footnotes":""},"class_list":["post-1256","page","type-page","status-publish","hentry"],"_links":{"self":[{"href":"https:\/\/duduimpermeabilizacoes.com.br\/index.php?rest_route=\/wp\/v2\/pages\/1256","targetHints":{"allow":["GET"]}}],"collection":[{"href":"https:\/\/duduimpermeabilizacoes.com.br\/index.php?rest_route=\/wp\/v2\/pages"}],"about":[{"href":"https:\/\/duduimpermeabilizacoes.com.br\/index.php?rest_route=\/wp\/v2\/types\/page"}],"author":[{"embeddable":true,"href":"https:\/\/duduimpermeabilizacoes.com.br\/index.php?rest_route=\/wp\/v2\/users\/4"}],"replies":[{"embeddable":true,"href":"https:\/\/duduimpermeabilizacoes.com.br\/index.php?rest_route=%2Fwp%2Fv2%2Fcomments&post=1256"}],"version-history":[{"count":52,"href":"https:\/\/duduimpermeabilizacoes.com.br\/index.php?rest_route=\/wp\/v2\/pages\/1256\/revisions"}],"predecessor-version":[{"id":1473,"href":"https:\/\/duduimpermeabilizacoes.com.br\/index.php?rest_route=\/wp\/v2\/pages\/1256\/revisions\/1473"}],"wp:attachment":[{"href":"https:\/\/duduimpermeabilizacoes.com.br\/index.php?rest_route=%2Fwp%2Fv2%2Fmedia&parent=1256"}],"curies":[{"name":"wp","href":"https:\/\/api.w.org\/{rel}","templated":true}]}}